{"id":1500,"date":"2022-06-07T16:19:35","date_gmt":"2022-06-07T13:19:35","guid":{"rendered":"http:\/\/tour-operator-madagascar.com\/fr\/?page_id=1500"},"modified":"2023-04-04T22:52:50","modified_gmt":"2023-04-04T19:52:50","slug":"coditions-generales","status":"publish","type":"page","link":"https:\/\/tour-operator-madagascar.com\/fr\/coditions-generales\/","title":{"rendered":"Coditions g\u00e9n\u00e9rales"},"content":{"rendered":"<p>Conditions g\u00e9n\u00e9rales de vente Tsaraventura<\/p>\n<p>I- Garantir votre r\u00e9servation<\/p>\n<p>I-a: Le visiteur doit lire attentivement et accepter les conditions g\u00e9n\u00e9rales de voyages \u00e0 Madagascar propos\u00e9es par Tsaraventura avant la r\u00e9servation.<\/p>\n<p>I-b: Le visiteur signataire connaisse parfaitement tous les membres de son groupe en cas de voyage en groupe pour Madagascar surtout pour les points de vue diff\u00e9rents ou en cas de sant\u00e9.<\/p>\n<p>I-c: Le visiteur doit nous confirmer leur voyage organis\u00e9 par Tsaraventura un acompte quelconque. C&rsquo;est \u00e0 dire un pourcentage du montant total du co\u00fbt du voyage calcul\u00e9 selon la date de la r\u00e9servation et la date de d\u00e9part.<\/p>\n<p>II- Conclusion d&rsquo;un contrat<\/p>\n<p>Le voyageur signataire et Tsaraventura\u00a0 sont les contractants et le contrat est soumis totalement au droit malgache.<\/p>\n<p>III- Paiement acompte et r\u00e8glement facture<\/p>\n<p>III-a: Acompte de 30% du montant total si la r\u00e9servation est faite plus de 6 semaines avant le d\u00e9part.<\/p>\n<p>III-b: Acompte de 50% du montant total si la r\u00e9servation est faite moins de 6 semaines avant le d\u00e9part.<\/p>\n<p>III-c: Payement du reste \u00e0 payer 4 semaines avant le d\u00e9part.<\/p>\n<p>IV- Mode de payement<\/p>\n<p>IV-a: Par virement bancaire avec frais \u00e0 la charge du visiteur.<\/p>\n<p>IV-b: Par ch\u00e8que bancaire malgache<\/p>\n<p>IV-c: Par esp\u00e8ces<\/p>\n<p>IV-d: Les cartes de cr\u00e9dits sont encore en attente de mis \u00e0 jour<\/p>\n<p>V- R\u00e9servation modifiable selon disponibilit\u00e9<\/p>\n<p>V-a: Le visiteur peut modifier sa r\u00e9servation d\u00e9j\u00e0 confirm\u00e9e avec une tol\u00e9rance de plus de 5 semaines avant le d\u00e9part du voyage organis\u00e9 et un suppl\u00e9ment de 200\u20ac est applicable. Mais ici, la modification d\u00e9pend de la disponibilit\u00e9.<\/p>\n<p>V-b: Le visiteur ne peut plus modifier sa r\u00e9servation d\u00e9j\u00e0 confirm\u00e9e en moins de 5 semaines avant le d\u00e9part. Ainsi, le voyage sera consid\u00e9r\u00e9 comme annuler et suit des frais d&rsquo;annulation suivant la date de d\u00e9claration.<\/p>\n<p>VI- Annulation<\/p>\n<p>VI-a: 5 semaines et plus avant le d\u00e9part, acompte non remboursable.<\/p>\n<p>VI-b: 5 \u00e0 4 semaines avant le d\u00e9part, 50% du montant total du voyage.<\/p>\n<p>VI-c: 4 \u00e0 une semaine avant le d\u00e9part, 75% du montant total du voyage.<\/p>\n<p>VI-d: moins d&rsquo;1 semaine avant le d\u00e9part, 100% du montant total du voyage.<\/p>\n<p>VII- R\u00e9clamation de la part du visiteur<\/p>\n<p>En cas de probl\u00e8me, le visiteur doit \u00e0 tout moment exposer le cas \u00e0 notre repr\u00e9sentant pour pouvoir le r\u00e9soudre sur place avec le fournisseur.<\/p>\n<p>VIII- Assurances<\/p>\n<p>VIII-a: Il est fortement recommand\u00e9 de se faire souscrire \u00e0 une assurance voyage de la part du visiteur.<\/p>\n<p>VIII-b: Pas de couverture de la part de Tsaraventura.<\/p>\n<p>VIII-c: Le port garant de la responsabilit\u00e9 de Tsaraventura est la prise de mesure raisonnable.<\/p>\n<p>IX- Visa et Passeport<\/p>\n<p>IX-a: Le visiteur doit avoir un passeport conforme et valide.<\/p>\n<p>IX-b: Le visiteur doit avoir un visa proportionnel \u00e0 son s\u00e9jour.<\/p>\n<p>X- Vaccins<\/p>\n<p>Le visiteur doit \u00eatre certifi\u00e9 vaccin\u00e9 aux vaccins requis \u00e0 la destination Madagascar<\/p>\n<p>XI-Vols internationaux<\/p>\n<p>XI-a: Le visiteur est charg\u00e9 de son propre r\u00e9servation de vol international et de son billet d&rsquo;avion.<\/p>\n<p>XI-b: Le visiteur doit informer Tsaraventura \u00e0 propos des itin\u00e9raires de son vol.<\/p>\n<p>XI-c: Tsaraventura d\u00e9cline toute responsabilit\u00e9 en cas de retard ou du vol international rat\u00e9 car cela entrainera le retard du d\u00e9part du voyage (V) et l&rsquo;application des conditions de modification et annulation (VI).<\/p>\n<p>XII- R\u00e8glements<\/p>\n<p>XII-a: Les ma\u00eetres mots sont les consignes du repr\u00e9sentant de Tsaraventura<\/p>\n<p>XII-b: Le visiteur doit informer Tsaraventura avant la r\u00e9servation s&rsquo;il n&rsquo;est pas tr\u00e8s actif ou ne pourrait pas suivre le rythme des autres participants.<\/p>\n<p>XII-c: Dans toutes les conditions perturbantes du groupe comme comportement, sant\u00e9, performance&#8230;,Tsaraventura peut disqualifier un(e) participant(e) d&rsquo;une partie du voyage ou du voyage entier pour une bonne d\u00e9roulement du voyage.<\/p>\n<p>XII-d: Tsaraventura peut exclure et d\u00e9cline toute responsabilit\u00e9 si un client fait un acte ill\u00e9gal ou ne respecte pas la dignit\u00e9 de la personne humaine. Non remboursable<\/p>\n<p>XII-e: Prise de mesure par Tsaraventura en cas de maladie d&rsquo;un client. Avec proportion.<\/p>\n<p>XIII- Modifications et annulations de la part de Tsaraventura<\/p>\n<p>XIII-a: Tsaraventura se r\u00e9serve le droit de modifier le circuit mais dans le sens de respecter le contenu du voyage.<\/p>\n<p>XIII-b: Tsaraventura se r\u00e9serve le droit de changer le prix du voyage pour les \u00e9ventuels changements tarifaires locaux.<\/p>\n<p>VIII-c: En cas de cas majeur priv\u00e9, Tsaraventura informe \u00e0 l&rsquo;avance et offre d&rsquo;autres options.<\/p>\n<p>c-1: Tsaraventura reporte le voyage au moment opportun<\/p>\n<p>c-2: Tsaraventura \u00e9tudie un autre circuit alternatif et relatif au th\u00e8me choisi par le visiteur.<\/p>\n<p>c-3: Tsaraventura annule avec remboursement<\/p>\n<p>VIII-d: En cas de non-paiement du solde.<\/p>\n<p>Tsaraventura se r\u00e9serve le droit d&rsquo;annuler le voyage ou \u00e9tudie d&rsquo;autres proportions.<\/p>\n<p>VIII-e: En cas de force majeur, Tsaraventura offre d&rsquo;autres options.<\/p>\n<p>e-1: Tsaraventura reporte le voyage au moment opportun<\/p>\n<p>e-2: Tsaraventura \u00e9tudie un autre circuit alternatif et relatif au th\u00e8me choisi par le visiteur.<\/p>\n","protected":false},"excerpt":{"rendered":"<p>Conditions g\u00e9n\u00e9rales de vente Tsaraventura I- Garantir votre r\u00e9servation I-a: Le visiteur doit lire attentivement et accepter les conditions g\u00e9n\u00e9rales de voyages \u00e0 Madagascar propos\u00e9es par Tsaraventura avant la r\u00e9servation. I-b: Le visiteur signataire connaisse parfaitement tous les membres de son groupe en cas de voyage en groupe pour Madagascar surtout pour les points de&#8230;<\/p>\n","protected":false},"author":1,"featured_media":0,"parent":0,"menu_order":0,"comment_status":"closed","ping_status":"closed","template":"","meta":{"footnotes":""},"class_list":["post-1500","page","type-page","status-publish","hentry"],"_links":{"self":[{"href":"https:\/\/tour-operator-madagascar.com\/fr\/wp-json\/wp\/v2\/pages\/1500","targetHints":{"allow":["GET"]}}],"collection":[{"href":"https:\/\/tour-operator-madagascar.com\/fr\/wp-json\/wp\/v2\/pages"}],"about":[{"href":"https:\/\/tour-operator-madagascar.com\/fr\/wp-json\/wp\/v2\/types\/page"}],"author":[{"embeddable":true,"href":"https:\/\/tour-operator-madagascar.com\/fr\/wp-json\/wp\/v2\/users\/1"}],"replies":[{"embeddable":true,"href":"https:\/\/tour-operator-madagascar.com\/fr\/wp-json\/wp\/v2\/comments?post=1500"}],"version-history":[{"count":6,"href":"https:\/\/tour-operator-madagascar.com\/fr\/wp-json\/wp\/v2\/pages\/1500\/revisions"}],"predecessor-version":[{"id":1765,"href":"https:\/\/tour-operator-madagascar.com\/fr\/wp-json\/wp\/v2\/pages\/1500\/revisions\/1765"}],"wp:attachment":[{"href":"https:\/\/tour-operator-madagascar.com\/fr\/wp-json\/wp\/v2\/media?parent=1500"}],"curies":[{"name":"wp","href":"https:\/\/api.w.org\/{rel}","templated":true}]}}